{"id":45,"date":"2020-09-15T03:06:56","date_gmt":"2020-09-15T03:06:56","guid":{"rendered":"https:\/\/www.gavafi.com\/?page_id=45"},"modified":"2023-03-31T17:42:21","modified_gmt":"2023-03-31T17:42:21","slug":"nosotros","status":"publish","type":"page","link":"https:\/\/www.gavafi.com\/?page_id=45","title":{"rendered":"Nosotros"},"content":{"rendered":"\t\t<div data-elementor-type=\"wp-page\" data-elementor-id=\"45\" class=\"elementor elementor-45\">\n\t\t\t\t\t\t<div class=\"elementor-inner\">\n\t\t\t\t<div class=\"elementor-section-wrap\">\n\t\t\t\t\t\t\t\t\t<section class=\"elementor-section elementor-top-section elementor-element elementor-element-4dbdcad elementor-section-boxed elementor-section-height-default elementor-section-height-default\" data-id=\"4dbdcad\" data-element_type=\"section\">\n\t\t\t\t\t\t<div class=\"elementor-container elementor-column-gap-default\">\n\t\t\t\t\t\t\t<div class=\"elementor-row\">\n\t\t\t\t\t<div class=\"elementor-column elementor-col-100 elementor-top-column elementor-element elementor-element-f0ddb2d\" data-id=\"f0ddb2d\" data-element_type=\"column\">\n\t\t\t<div class=\"elementor-column-wrap elementor-element-populated\">\n\t\t\t\t\t\t\t<div class=\"elementor-widget-wrap\">\n\t\t\t\t\t\t<div class=\"elementor-element elementor-element-f698227 elementor-widget elementor-widget-image\" data-id=\"f698227\" data-element_type=\"widget\" data-widget_type=\"image.default\">\n\t\t\t\t<div class=\"elementor-widget-container\">\n\t\t\t\t\t\t\t\t<div class=\"elementor-image\">\n\t\t\t\t\t\t\t\t\t\t\t\t<img decoding=\"async\" width=\"300\" height=\"206\" src=\"https:\/\/www.gavafi.com\/wp-content\/uploads\/2020\/10\/nosotros-300x206.png\" class=\"attachment-medium size-medium wp-image-64\" alt=\"\" loading=\"lazy\" srcset=\"https:\/\/www.gavafi.com\/wp-content\/uploads\/2020\/10\/nosotros-300x206.png 300w, https:\/\/www.gavafi.com\/wp-content\/uploads\/2020\/10\/nosotros.png 323w\" sizes=\"(max-width: 300px) 100vw, 300px\" \/>\t\t\t\t\t\t\t\t\t\t\t\t\t\t<\/div>\n\t\t\t\t\t\t<\/div>\n\t\t\t\t<\/div>\n\t\t\t\t\t\t<\/div>\n\t\t\t\t\t<\/div>\n\t\t<\/div>\n\t\t\t\t\t\t\t\t<\/div>\n\t\t\t\t\t<\/div>\n\t\t<\/section>\n\t\t\t\t<section class=\"elementor-section elementor-top-section elementor-element elementor-element-8d7d48f elementor-section-boxed elementor-section-height-default elementor-section-height-default\" data-id=\"8d7d48f\" data-element_type=\"section\">\n\t\t\t\t\t\t<div class=\"elementor-container elementor-column-gap-default\">\n\t\t\t\t\t\t\t<div class=\"elementor-row\">\n\t\t\t\t\t<div class=\"elementor-column elementor-col-100 elementor-top-column elementor-element elementor-element-188c06d\" data-id=\"188c06d\" data-element_type=\"column\">\n\t\t\t<div class=\"elementor-column-wrap elementor-element-populated\">\n\t\t\t\t\t\t\t<div class=\"elementor-widget-wrap\">\n\t\t\t\t\t\t<div class=\"elementor-element elementor-element-f0f155d elementor-widget elementor-widget-wp-widget-text\" data-id=\"f0f155d\" data-element_type=\"widget\" data-widget_type=\"wp-widget-text.default\">\n\t\t\t\t<div class=\"elementor-widget-container\">\n\t\t\t\t\t\t<div class=\"textwidget\"><div class=\"page\" title=\"Page 2\">\n<div class=\"section\">\n<div class=\"layoutArea\">\n<div class=\"column\">\n<p><strong>S<\/strong>omos una empresa fundada en el an\u0303o 2010 ubicada en Reynosa, Tamaulipas realizando operaciones de manejo y comercializacio\u0301n de residuos industriales.<\/p>\n<p>Expertos en el proceso de los residuos industriales de carto\u0301n, papel, y pla\u0301sticos; actualmente GAVAFI se encuentra manejando ya ma\u0301s de 40 productos, tambie\u0301n maneja una amplia gama de metales ferrosos, no ferrosos y electro\u0301nicos; creando asi\u0301, un servicio completo, eficiente y responsable.<\/p>\n<p>Hemos creado una fuerte confianza para las empresas que prestamos nuestros servicios, gracias a nuestra capacidad y experiencia.<\/p>\n<\/div>\n<\/div>\n<\/div>\n<\/div>\n<\/div>\n\t\t\t\t<\/div>\n\t\t\t\t<\/div>\n\t\t\t\t<div class=\"elementor-element elementor-element-bbf1ee6 elementor-widget elementor-widget-wp-widget-text\" data-id=\"bbf1ee6\" data-element_type=\"widget\" data-widget_type=\"wp-widget-text.default\">\n\t\t\t\t<div class=\"elementor-widget-container\">\n\t\t\t\t\t\t<div class=\"textwidget\"><div><strong>Misi\u00f3n<\/strong><\/div>\n<div>Proporcionar servicios de calidad a la industria maquiladora y manufacturera, cumpliendo con todos los est\u00e1ndares de responsabilidad social y ambiental,a todos nuestros productos les damos un valor agregado siempre cuidando la calidad del producto para darle el valor como materia prima para nuestros clientes finales, siempre cuidando y dando valor a nuestro medio ambiente.<\/div>\n<\/div>\n\t\t\t\t<\/div>\n\t\t\t\t<\/div>\n\t\t\t\t<div class=\"elementor-element elementor-element-734cfaa elementor-widget elementor-widget-wp-widget-text\" data-id=\"734cfaa\" data-element_type=\"widget\" data-widget_type=\"wp-widget-text.default\">\n\t\t\t\t<div class=\"elementor-widget-container\">\n\t\t\t\t\t\t<div class=\"textwidget\"><div><strong>Visi\u00f3n<\/strong><\/div>\n<div>Ser l\u00edder en M\u00e9xico en el procesamiento y comercializaci\u00f3n de residuos y materiales post-industriales, todo con el mejor proceso y servicio para nuestros clientes y proveedores.<\/div>\n<\/div>\n\t\t\t\t<\/div>\n\t\t\t\t<\/div>\n\t\t\t\t<div class=\"elementor-element elementor-element-f7aa501 elementor-widget elementor-widget-wp-widget-text\" data-id=\"f7aa501\" data-element_type=\"widget\" data-widget_type=\"wp-widget-text.default\">\n\t\t\t\t<div class=\"elementor-widget-container\">\n\t\t\t\t\t\t<div class=\"textwidget\"><div><strong>Valores<\/strong><\/div>\n<ul>\n<li>Integridad<\/li>\n<li>Responsabilidad Social<\/li>\n<li>Honestidad\u00a0 Empatia<\/li>\n<li>Organizaci\u00f3n<\/li>\n<li>Transparencia<\/li>\n<\/ul>\n<\/div>\n\t\t\t\t<\/div>\n\t\t\t\t<\/div>\n\t\t\t\t<div class=\"elementor-element elementor-element-10a1469 elementor-widget elementor-widget-wp-widget-text\" data-id=\"10a1469\" data-element_type=\"widget\" data-widget_type=\"wp-widget-text.default\">\n\t\t\t\t<div class=\"elementor-widget-container\">\n\t\t\t\t\t\t<div class=\"textwidget\"><div class=\"page\" title=\"Page 1\">\n<div class=\"section\">\n<div class=\"layoutArea\">\n<div class=\"column\">\n<p><strong>POLI\u0301TICA AMBIENTAL<\/strong><\/p>\n<p>En Reciclados GAVAFI, proteger el medio ambiente es la finalidad principal de nuestra empresa, aprovechando al ma\u0301ximo los residuos industriales y contribuyendo a su transformacio\u0301n.<\/p>\n<p>A trave\u0301s del cumplimiento de los requisitos legales, la mejora continua del Sistema de Gestio\u0301n Ambiental y nuestro compromiso permanente para prevenir la contaminacio\u0301n, siendo un ejemplo para la comunidad y asi\u0301 mitigar el impacto al ambiente.<\/p>\n<\/div>\n<\/div>\n<\/div>\n<\/div>\n<\/div>\n\t\t\t\t<\/div>\n\t\t\t\t<\/div>\n\t\t\t\t\t\t<\/div>\n\t\t\t\t\t<\/div>\n\t\t<\/div>\n\t\t\t\t\t\t\t\t<\/div>\n\t\t\t\t\t<\/div>\n\t\t<\/section>\n\t\t\t\t\t\t\t\t\t<\/div>\n\t\t\t<\/div>\n\t\t\t\t\t<\/div>\n\t\t","protected":false},"excerpt":{"rendered":"","protected":false},"author":1,"featured_media":0,"parent":0,"menu_order":0,"comment_status":"closed","ping_status":"closed","template":"","meta":{"site-sidebar-layout":"no-sidebar","site-content-layout":"page-builder","ast-global-header-display":"","ast-main-header-display":"","ast-hfb-above-header-display":"","ast-hfb-below-header-display":"","ast-hfb-mobile-header-display":"","site-post-title":"disabled","ast-breadcrumbs-content":"","ast-featured-img":"disabled","footer-sml-layout":"","theme-transparent-header-meta":"default","adv-header-id-meta":"","stick-header-meta":"","header-above-stick-meta":"","header-main-stick-meta":"","header-below-stick-meta":""},"_links":{"self":[{"href":"https:\/\/www.gavafi.com\/index.php?rest_route=\/wp\/v2\/pages\/45"}],"collection":[{"href":"https:\/\/www.gavafi.com\/index.php?rest_route=\/wp\/v2\/pages"}],"about":[{"href":"https:\/\/www.gavafi.com\/index.php?rest_route=\/wp\/v2\/types\/page"}],"author":[{"embeddable":true,"href":"https:\/\/www.gavafi.com\/index.php?rest_route=\/wp\/v2\/users\/1"}],"replies":[{"embeddable":true,"href":"https:\/\/www.gavafi.com\/index.php?rest_route=%2Fwp%2Fv2%2Fcomments&post=45"}],"version-history":[{"count":19,"href":"https:\/\/www.gavafi.com\/index.php?rest_route=\/wp\/v2\/pages\/45\/revisions"}],"predecessor-version":[{"id":139,"href":"https:\/\/www.gavafi.com\/index.php?rest_route=\/wp\/v2\/pages\/45\/revisions\/139"}],"wp:attachment":[{"href":"https:\/\/www.gavafi.com\/index.php?rest_route=%2Fwp%2Fv2%2Fmedia&parent=45"}],"curies":[{"name":"wp","href":"https:\/\/api.w.org\/{rel}","templated":true}]}}